{"id":6512,"date":"2017-02-01T00:50:44","date_gmt":"2017-03-19T09:40:03","guid":{"rendered":"https:\/\/reidmenn.com\/die-spender\/"},"modified":"2017-03-19T09:42:25","modified_gmt":"2017-03-19T09:42:25","slug":"die-sponsoren","status":"publish","type":"page","link":"https:\/\/reidmenn.com\/de\/die-sponsoren\/","title":{"rendered":"Die Sponsoren"},"content":{"rendered":"<h1>Die Sponsoren<\/h1>\n<p>Im Folgenden sind die Sponsoren, die so gro\u00dfz\u00fcgig auf die Website beigetragen haben, so dass es verf\u00fcgbar sein k\u00f6nnte. Wir sind sehr dankbar f\u00fcr ihren Beitrag.<\/p>\n<div class=\"fourcol column\">\n<ul>\n<li>Achim Kopitzki<\/li>\n<li>Ald\u00eds Eyj\u00f3lfsd\u00f3ttir<\/li>\n<li>Andr\u00e9s Magn\u00fasson<\/li>\n<li>Angelika Liebermeister<\/li>\n<li>Anna Birgisdottir<\/li>\n<li>Anna Krist\u00edn Jeppesen<\/li>\n<li>Anna Ryan<\/li>\n<li>\u00c1sdis Bjarnadottir<\/li>\n<li>\u00c1sr\u00fan \u00d3ladottir<\/li>\n<li>Atli Rikhardsson<\/li>\n<li>\u00c1rni Har\u00f0arson<\/li>\n<li>\u00c1sd\u00eds Haraldsd\u00f3ttir<\/li>\n<li>\u00c1slaug \u00c1smundsd\u00f3ttir<\/li>\n<li>\u00c1slaug P\u00e1lsd\u00f3ttir<\/li>\n<li>Beatrice Schulte zur Hausen<\/li>\n<li>Birna M. Halld\u00f3rsd\u00f3ttir<\/li>\n<li>Bjarni \u00c1sbj\u00f6rnsson<\/li>\n<li>Bjarni J\u00f3nsson<\/li>\n<li>Bjarni \u00deorkelsson<\/li>\n<li>Bj\u00f6rk Svavarsd\u00f3ttir<\/li>\n<li>Bj\u00f6rn Birgisson<\/li>\n<li>Bragi Andr\u00e9sson<\/li>\n<li>Brandd\u00eds Margr\u00e9t Hauksd\u00f3ttir<\/li>\n<li>Brynja Hl\u00ed\u00f0ar<\/li>\n<li>Christina Staub Tanner<\/li>\n<li>Dagn\u00fd Sigur\u00f0ard\u00f3ttir<\/li>\n<li>Edda \u00deorvaldsd\u00f3ttir<\/li>\n<li>Edda \u00de\u00f3rarinsd\u00f3ttir<\/li>\n<li>Einar Oddsson<\/li>\n<li>Elke Veit<\/li>\n<li>Erna Gu\u00f0n\u00fd<\/li>\n<li>Esther \u00c0rmannsd\u00f3ttir<\/li>\n<li>Esther Hl\u00ed\u00f0ar Jensen<\/li>\n<li>Eygl\u00f3 Hulda \u00d3skarsd\u00f3ttir<\/li>\n<li>Fj\u00f3la Lind<\/li>\n<li>Gestur J\u00fal\u00edusson<\/li>\n<\/ul>\n<p>&nbsp;<\/p>\n<\/div>\n<div class=\"fourcol column\">\n<ul>\n<li>G\u00edsl\u00edna Jensd\u00f3ttir<\/li>\n<li>Greta Brimr\u00fan<\/li>\n<li>Gu\u00f0bj\u00f6rg \u00d3lafsd\u00f3ttir<\/li>\n<li>Gu\u00f0mundur \u00d3lafsson<\/li>\n<li>Gu\u00f0mundur R Benediktsson<\/li>\n<li>Gu\u00f0n\u00fd Bj\u00f6rnsd\u00f3ttir<\/li>\n<li>Gu\u00f0r\u00fan Valdimarsd\u00f3ttir<\/li>\n<li>Gunnar Egilsson<\/li>\n<li>Gylfi Sigur\u00f0sson<\/li>\n<li>Halla Kjartansdottir<\/li>\n<li>Harold Vandemoortele<\/li>\n<li>Heida Adalsteinsdottir<\/li>\n<li>Helga Schroeder<\/li>\n<li>Herborg og Brynjar<\/li>\n<li>Hildigunnur Hl\u00ed\u00f0ar<\/li>\n<li>Hildur Gunnarsd\u00f3ttir<\/li>\n<li>Hildur Hr\u00f3lfsd\u00f3ttir<\/li>\n<li>Hildur V\u00e9steinsd\u00f3ttir<\/li>\n<li>Hjalti J\u00f3n Sveinsson<\/li>\n<li>Hj\u00f6rd\u00eds G\u00edslad\u00f3ttir<\/li>\n<li>Hugr\u00fan Einarsd\u00f3ttir<\/li>\n<li>\u00cdris Huld Sigurbj\u00f6rnsd\u00f3ttir<\/li>\n<li>Janine Arens<\/li>\n<li>J\u00f3hann Bragason<\/li>\n<li>Josefina Morell<\/li>\n<li>J\u00f3n P\u00e1lmi \u00de\u00f3r\u00f0arson<\/li>\n<li>J\u00f3na \u00de\u00f3runn Ragnarsd\u00f3ttir<\/li>\n<li>Kari Berg<\/li>\n<li>Katla S\u00f3lborg Fri\u00f0riksd\u00f3ttir<\/li>\n<li>Kerstin Leemhuis<\/li>\n<li>Kristina Bayer<\/li>\n<li>Kristj\u00e1n G\u00edslason<\/li>\n<li>L\u00e1ra Krist\u00edn G\u00edslad\u00f3ttir<\/li>\n<li>Leifur Arason<\/li>\n<li>Lilja \u00d6ssurard\u00f3ttir<\/li>\n<li>Linda R\u00edkhar\u00f0sd\u00f3ttir<\/li>\n<li>Magn\u00fas Magn\u00fasson<\/li>\n<\/ul>\n<\/div>\n<div class=\"fourcol column last\">\n<ul>\n<li>Magn\u00fas \u00d3lason<\/li>\n<li>Magn\u00fas Scheving<\/li>\n<li>Maja Vilstrup<\/li>\n<li>Malou Haan<\/li>\n<li>Marcel Tanner<\/li>\n<li>Margr\u00e9t Hansen<\/li>\n<li>Mar\u00eda Magn\u00fasd\u00f3ttir<\/li>\n<li>Nadia Banine<\/li>\n<li>Nadine Walter<\/li>\n<li>Oddr\u00fan \u00ddr Sigur\u00f0ard\u00f3ttir<\/li>\n<li>\u00d3lafur Marteinsson<\/li>\n<li>\u00d3ttar M\u00e1r Ellingsen<\/li>\n<li>P\u00e1ll Svansson<\/li>\n<li>P\u00e9tur \u00d6rn Sverrisson<\/li>\n<li>Ragnhei\u00f0ur Reynisdottir<\/li>\n<li>Ragnhildur Helgad\u00f3ttir<\/li>\n<li>Randi Holaker<\/li>\n<li>R\u00edkhar\u00f0ur Bergs<\/li>\n<li>R\u00f3sa Bj\u00f6rk<\/li>\n<li>Sigr\u00ed\u00f0ur A\u00f0alsteinsd\u00f3ttir<\/li>\n<li>Sigr\u00ed\u00f0ur Gu\u00f0bjartsd\u00f3ttir<\/li>\n<li>Sigr\u00ed\u00f0ur Hl\u00ed\u00f0ar<\/li>\n<li>Sigr\u00ed\u00f0ur Kristj\u00e1nsd\u00f3ttir<\/li>\n<li>Sigurbj\u00f6rg Jonsdottir<\/li>\n<li>Sigurbj\u00f6rn Magn\u00fasson<\/li>\n<li>Snorri Kristleifsson<\/li>\n<li>Soffia Sveinsdottir<\/li>\n<li>Stella Kristinsdottir<\/li>\n<li>S\u00e6unn Kjartansd\u00f3ttir<\/li>\n<li>Valka Jonsd\u00f3ttir<\/li>\n<li>Valur \u00c1smundsson<\/li>\n<li>Vigd\u00eds Gu\u00f0j\u00f3nsd\u00f3ttir<\/li>\n<li>Vilborg Sm\u00e1rad\u00f3ttir<\/li>\n<li>\u00deorsteinn Egilson<\/li>\n<li>\u00deorsteinn J\u00f3nsson<\/li>\n<li>\u00deorvaldur Kristj\u00e1nsson<\/li>\n<li>\u00de\u00f3r\u00f0ur Ing\u00f3lfsson<\/li>\n<\/ul>\n<\/div><div class=\"clear\"><\/div>\n","protected":false},"excerpt":{"rendered":"<p>Die Sponsoren Im Folgenden sind die Sponsoren, die so gro\u00dfz\u00fcgig auf die Website beigetragen haben, so dass es verf\u00fcgbar sein k\u00f6nnte. Wir sind sehr dankbar f\u00fcr ihren Beitrag.<\/p>\n","protected":false},"author":1,"featured_media":0,"parent":0,"menu_order":0,"comment_status":"closed","ping_status":"closed","template":"template-right.php","meta":{"spay_email":""},"jetpack_sharing_enabled":true,"jetpack_shortlink":"https:\/\/wp.me\/P5u8OO-1H2","jetpack_likes_enabled":true,"_links":{"self":[{"href":"https:\/\/reidmenn.com\/de\/wp-json\/wp\/v2\/pages\/6512"}],"collection":[{"href":"https:\/\/reidmenn.com\/de\/wp-json\/wp\/v2\/pages"}],"about":[{"href":"https:\/\/reidmenn.com\/de\/wp-json\/wp\/v2\/types\/page"}],"author":[{"embeddable":true,"href":"https:\/\/reidmenn.com\/de\/wp-json\/wp\/v2\/users\/1"}],"replies":[{"embeddable":true,"href":"https:\/\/reidmenn.com\/de\/wp-json\/wp\/v2\/comments?post=6512"}],"version-history":[{"count":2,"href":"https:\/\/reidmenn.com\/de\/wp-json\/wp\/v2\/pages\/6512\/revisions"}],"predecessor-version":[{"id":6514,"href":"https:\/\/reidmenn.com\/de\/wp-json\/wp\/v2\/pages\/6512\/revisions\/6514"}],"wp:attachment":[{"href":"https:\/\/reidmenn.com\/de\/wp-json\/wp\/v2\/media?parent=6512"}],"curies":[{"name":"wp","href":"https:\/\/api.w.org\/{rel}","templated":true}]}}